{"id":1599,"date":"2025-10-09T20:37:25","date_gmt":"2025-10-09T20:37:25","guid":{"rendered":"https:\/\/gruposcoutdewony.es\/?page_id=1599"},"modified":"2025-10-09T20:50:20","modified_gmt":"2025-10-09T20:50:20","slug":"accesibilidad","status":"publish","type":"page","link":"https:\/\/gruposcoutdewony.es\/?page_id=1599","title":{"rendered":"Accesibilidad"},"content":{"rendered":"\t\t<div data-elementor-type=\"wp-page\" data-elementor-id=\"1599\" class=\"elementor elementor-1599\">\n\t\t\t\t\t\t\t\t\t<section class=\"elementor-section elementor-top-section elementor-element elementor-element-57da3f0 elementor-section-boxed elementor-section-height-default elementor-section-height-default\" data-id=\"57da3f0\" data-element_type=\"section\">\n\t\t\t\t\t\t<div class=\"elementor-container elementor-column-gap-default\">\n\t\t\t\t\t<div class=\"elementor-column elementor-col-100 elementor-top-column elementor-element elementor-element-d1c2e93\" data-id=\"d1c2e93\" data-element_type=\"column\">\n\t\t\t<div class=\"elementor-widget-wrap elementor-element-populated\">\n\t\t\t\t\t\t\t\t<div class=\"elementor-element elementor-element-0d58412 elementor-widget elementor-widget-heading\" data-id=\"0d58412\" data-element_type=\"widget\" data-widget_type=\"heading.default\">\n\t\t\t\t<div class=\"elementor-widget-container\">\n\t\t\t<style>\/*! elementor - v3.6.7 - 03-07-2022 *\/\n.elementor-heading-title{padding:0;margin:0;line-height:1}.elementor-widget-heading .elementor-heading-title[class*=elementor-size-]>a{color:inherit;font-size:inherit;line-height:inherit}.elementor-widget-heading .elementor-heading-title.elementor-size-small{font-size:15px}.elementor-widget-heading .elementor-heading-title.elementor-size-medium{font-size:19px}.elementor-widget-heading .elementor-heading-title.elementor-size-large{font-size:29px}.elementor-widget-heading .elementor-heading-title.elementor-size-xl{font-size:39px}.elementor-widget-heading .elementor-heading-title.elementor-size-xxl{font-size:59px}<\/style><h1 class=\"elementor-heading-title elementor-size-default\"><br>Accesibilidad<\/h1>\t\t<\/div>\n\t\t\t\t<\/div>\n\t\t\t\t<div class=\"elementor-element elementor-element-ab164e5 elementor-widget elementor-widget-text-editor\" data-id=\"ab164e5\" data-element_type=\"widget\" data-widget_type=\"text-editor.default\">\n\t\t\t\t<div class=\"elementor-widget-container\">\n\t\t\t<style>\/*! elementor - v3.6.7 - 03-07-2022 *\/\n.elementor-widget-text-editor.elementor-drop-cap-view-stacked .elementor-drop-cap{background-color:#818a91;color:#fff}.elementor-widget-text-editor.elementor-drop-cap-view-framed .elementor-drop-cap{color:#818a91;border:3px solid;background-color:transparent}.elementor-widget-text-editor:not(.elementor-drop-cap-view-default) .elementor-drop-cap{margin-top:8px}.elementor-widget-text-editor:not(.elementor-drop-cap-view-default) .elementor-drop-cap-letter{width:1em;height:1em}.elementor-widget-text-editor .elementor-drop-cap{float:left;text-align:center;line-height:1;font-size:50px}.elementor-widget-text-editor .elementor-drop-cap-letter{display:inline-block}<\/style>\t\t\t\t<p data-start=\"337\" data-end=\"582\">El <strong data-start=\"340\" data-end=\"362\">Grupo Scout Dewony<\/strong> se ha comprometido a hacer accesible su sitio web, de conformidad con el <strong data-start=\"436\" data-end=\"482\">Real Decreto 1112\/2018, de 7 de septiembre<\/strong>, sobre accesibilidad de los sitios web y aplicaciones para dispositivos m\u00f3viles del sector p\u00fablico.<\/p><p data-start=\"584\" data-end=\"680\">La presente declaraci\u00f3n de accesibilidad se aplica al sitio web <strong data-start=\"648\" data-end=\"679\"><a class=\"decorated-link cursor-pointer\" target=\"_new\" rel=\"noopener\" data-start=\"650\" data-end=\"677\">https:\/\/gruposcoutdewony.es<\/a><\/strong>:<\/p><hr data-start=\"682\" data-end=\"685\" \/><p data-start=\"687\" data-end=\"720\"><strong data-start=\"691\" data-end=\"720\">Situaci\u00f3n de cumplimiento<\/strong><\/p><p data-start=\"722\" data-end=\"896\">Este sitio web es <strong data-start=\"740\" data-end=\"765\">parcialmente conforme<\/strong> con el RD 1112\/2018 debido a las excepciones y a la falta de conformidad de algunos aspectos que se indican en el siguiente punto.<\/p><hr data-start=\"898\" data-end=\"901\" \/><p data-start=\"903\" data-end=\"933\"><strong data-start=\"907\" data-end=\"933\">Contenido no accesible<\/strong><\/p><p data-start=\"935\" data-end=\"1020\">El contenido que se recoge a continuaci\u00f3n no es accesible por los siguientes motivos:<\/p><p data-start=\"1022\" data-end=\"1071\"><strong data-start=\"1027\" data-end=\"1071\">Falta de conformidad con el RD 1112\/2018<\/strong><\/p><ul data-start=\"1073\" data-end=\"1464\"><li data-start=\"1073\" data-end=\"1361\"><p data-start=\"1075\" data-end=\"1361\">Podr\u00edan existir documentos en formato PDF u otros formatos publicados despu\u00e9s del 20 de septiembre de 2018 que no cumplan completamente los requisitos de accesibilidad.<br data-start=\"1243\" data-end=\"1246\" \/>Se pueden solicitar versiones accesibles de estos documentos a trav\u00e9s del formulario de contacto del sitio web.<\/p><\/li><li data-start=\"1362\" data-end=\"1464\"><p data-start=\"1364\" data-end=\"1464\">Podr\u00edan existir errores de c\u00f3digo puntuales de edici\u00f3n en algunas p\u00e1ginas web. [4.1.1 Procesamiento]<\/p><\/li><\/ul><p data-start=\"1466\" data-end=\"1497\"><strong data-start=\"1471\" data-end=\"1497\">Carga desproporcionada<\/strong><\/p><p data-start=\"1499\" data-end=\"1509\">No aplica.<\/p><p data-start=\"1511\" data-end=\"1588\"><strong data-start=\"1516\" data-end=\"1588\">Contenido que no entra dentro del \u00e1mbito de la legislaci\u00f3n aplicable<\/strong><\/p><p data-start=\"1590\" data-end=\"1808\">Podr\u00edan existir documentos o archivos publicados antes del 20 de septiembre de 2018 que no cumplan en su totalidad los requisitos de accesibilidad.<br data-start=\"1737\" data-end=\"1740\" \/>No obstante, se ha procurado que la mayor\u00eda de ellos s\u00ed los cumplan.<\/p><hr data-start=\"1810\" data-end=\"1813\" \/><p data-start=\"1815\" data-end=\"1878\"><strong data-start=\"1819\" data-end=\"1878\">Preparaci\u00f3n de la presente declaraci\u00f3n de accesibilidad<\/strong><\/p><p data-start=\"1880\" data-end=\"1947\">La presente declaraci\u00f3n fue preparada el <strong data-start=\"1921\" data-end=\"1944\">20 de abril de 2025<\/strong>.<\/p><p data-start=\"1949\" data-end=\"2069\">El m\u00e9todo empleado para preparar la declaraci\u00f3n ha sido una <strong data-start=\"2009\" data-end=\"2027\">autoevaluaci\u00f3n<\/strong> llevada a cabo por el propio grupo scout.<\/p><hr data-start=\"2071\" data-end=\"2074\" \/><p data-start=\"2076\" data-end=\"2117\"><strong data-start=\"2080\" data-end=\"2117\">Observaciones y datos de contacto<\/strong><\/p><p data-start=\"2119\" data-end=\"2236\">Puede realizar comunicaciones sobre requisitos de accesibilidad (art\u00edculo 10.2.a del RD 1112\/2018), como por ejemplo:<\/p><ul data-start=\"2238\" data-end=\"2565\"><li data-start=\"2238\" data-end=\"2308\"><p data-start=\"2240\" data-end=\"2308\">Informar sobre cualquier posible incumplimiento de este sitio web.<\/p><\/li><li data-start=\"2309\" data-end=\"2366\"><p data-start=\"2311\" data-end=\"2366\">Transmitir otras dificultades de acceso al contenido.<\/p><\/li><li data-start=\"2367\" data-end=\"2565\"><p data-start=\"2369\" data-end=\"2565\">Formular cualquier otra consulta o sugerencia de mejora relativa a la accesibilidad del sitio web, a trav\u00e9s del <strong data-start=\"2481\" data-end=\"2507\">formulario de contacto<\/strong> o del <strong data-start=\"2514\" data-end=\"2536\">correo electr\u00f3nico<\/strong> disponible en esta p\u00e1gina.<\/p><\/li><\/ul><p data-start=\"2567\" data-end=\"2892\">Tambi\u00e9n puede solicitar, en formato accesible, informaci\u00f3n que no cumpla con los requisitos de accesibilidad, ya sea por estar excluida o exenta por carga desproporcionada, o presentar una queja por incumplimiento de los requisitos de accesibilidad, conforme al <strong data-start=\"2829\" data-end=\"2892\">art\u00edculo 12 del Real Decreto 1112\/2018, de 7 de septiembre.<\/strong><\/p><hr data-start=\"2894\" data-end=\"2897\" \/><p data-start=\"2899\" data-end=\"2925\"><strong data-start=\"2903\" data-end=\"2925\">Contenido opcional<\/strong><\/p><p data-start=\"2927\" data-end=\"3119\">Este portal est\u00e1 dise\u00f1ado para permitir <strong data-start=\"2967\" data-end=\"3014\">modificar el tama\u00f1o del texto y los colores<\/strong>, as\u00ed como el <strong data-start=\"3028\" data-end=\"3050\">fondo de la p\u00e1gina<\/strong>, mediante las opciones est\u00e1ndar de configuraci\u00f3n de los navegadores.<\/p><p data-start=\"3121\" data-end=\"3244\">Si desea cambiar el tama\u00f1o de letra del texto en los principales navegadores gr\u00e1ficos, puede hacerlo de la siguiente forma:<\/p><ul data-start=\"3246\" data-end=\"3447\"><li data-start=\"3246\" data-end=\"3314\"><p data-start=\"3248\" data-end=\"3314\"><strong data-start=\"3248\" data-end=\"3289\">Internet Explorer, Mozilla y Firefox:<\/strong> Ver &gt; Tama\u00f1o del texto<\/p><\/li><li data-start=\"3315\" data-end=\"3340\"><p data-start=\"3317\" data-end=\"3340\"><strong data-start=\"3317\" data-end=\"3327\">Opera:<\/strong> Ver &gt; Zoom<\/p><\/li><li data-start=\"3341\" data-end=\"3388\"><p data-start=\"3343\" data-end=\"3388\"><strong data-start=\"3343\" data-end=\"3354\">Safari:<\/strong> Ver &gt; Hacer el texto m\u00e1s grande<\/p><\/li><li data-start=\"3389\" data-end=\"3447\"><p data-start=\"3391\" data-end=\"3447\"><strong data-start=\"3391\" data-end=\"3402\">Chrome:<\/strong> Controlar p\u00e1gina actual &gt; Tama\u00f1o del texto<\/p><\/li><\/ul><p data-start=\"3449\" data-end=\"3492\">Para modificar el tama\u00f1o de toda la p\u00e1gina:<\/p><ul data-start=\"3494\" data-end=\"3611\"><li data-start=\"3494\" data-end=\"3526\"><p data-start=\"3496\" data-end=\"3526\"><strong data-start=\"3496\" data-end=\"3508\">Ctrl + +<\/strong> para aumentarlo<\/p><\/li><li data-start=\"3527\" data-end=\"3560\"><p data-start=\"3529\" data-end=\"3560\"><strong data-start=\"3529\" data-end=\"3541\">Ctrl + \u2013<\/strong> para disminuirlo<\/p><\/li><li data-start=\"3561\" data-end=\"3611\"><p data-start=\"3563\" data-end=\"3611\"><strong data-start=\"3563\" data-end=\"3575\">Ctrl + 0<\/strong> para restaurar el tama\u00f1o original<\/p><\/li><\/ul><p data-start=\"3613\" data-end=\"3855\">Si desea anular la hoja de estilos o modificar los colores del texto, puede consultar la p\u00e1gina <strong data-start=\"3709\" data-end=\"3748\">\u201cHow to Change Text Size or Colors\u201d<\/strong> de la <strong data-start=\"3755\" data-end=\"3762\">WAI<\/strong>, disponible traducida al espa\u00f1ol como <strong data-start=\"3801\" data-end=\"3855\">\u201c\u00bfC\u00f3mo cambiar el tama\u00f1o del texto o los colores?\u201d<\/strong><\/p>\t\t\t\t\t\t<\/div>\n\t\t\t\t<\/div>\n\t\t\t\t\t<\/div>\n\t\t<\/div>\n\t\t\t\t\t\t\t<\/div>\n\t\t<\/section>\n\t\t\t\t\t\t\t<\/div>\n\t\t","protected":false},"excerpt":{"rendered":"<p>Accesibilidad El Grupo Scout Dewony se ha comprometido a hacer accesible su sitio web, de conformidad con el Real Decreto 1112\/2018, de 7 de septiembre, sobre accesibilidad de los sitios web y aplicaciones para dispositivos m\u00f3viles del sector p\u00fablico. La presente declaraci\u00f3n de accesibilidad se aplica al sitio web https:\/\/gruposcoutdewony.es: Situaci\u00f3n de cumplimiento Este sitio &hellip;<\/p>\n<p class=\"read-more\"> <a class=\"\" href=\"https:\/\/gruposcoutdewony.es\/?page_id=1599\"> <span class=\"screen-reader-text\">Accesibilidad<\/span> Leer m\u00e1s &raquo;<\/a><\/p>\n","protected":false},"author":1,"featured_media":0,"parent":0,"menu_order":0,"comment_status":"closed","ping_status":"closed","template":"","meta":{"om_disable_all_campaigns":false,"_monsterinsights_skip_tracking":false,"_monsterinsights_sitenote_active":false,"_monsterinsights_sitenote_note":"","_monsterinsights_sitenote_category":0,"site-sidebar-layout":"no-sidebar","site-content-layout":"page-builder","ast-global-header-display":"","ast-main-header-display":"","ast-hfb-above-header-display":"","ast-hfb-below-header-display":"","ast-hfb-mobile-header-display":"","site-post-title":"disabled","ast-breadcrumbs-content":"","ast-featured-img":"disabled","footer-sml-layout":"","theme-transparent-header-meta":"","adv-header-id-meta":"","stick-header-meta":"","header-above-stick-meta":"","header-main-stick-meta":"","header-below-stick-meta":"","footnotes":""},"class_list":["post-1599","page","type-page","status-publish","hentry"],"_links":{"self":[{"href":"https:\/\/gruposcoutdewony.es\/index.php?rest_route=\/wp\/v2\/pages\/1599","targetHints":{"allow":["GET"]}}],"collection":[{"href":"https:\/\/gruposcoutdewony.es\/index.php?rest_route=\/wp\/v2\/pages"}],"about":[{"href":"https:\/\/gruposcoutdewony.es\/index.php?rest_route=\/wp\/v2\/types\/page"}],"author":[{"embeddable":true,"href":"https:\/\/gruposcoutdewony.es\/index.php?rest_route=\/wp\/v2\/users\/1"}],"replies":[{"embeddable":true,"href":"https:\/\/gruposcoutdewony.es\/index.php?rest_route=%2Fwp%2Fv2%2Fcomments&post=1599"}],"version-history":[{"count":7,"href":"https:\/\/gruposcoutdewony.es\/index.php?rest_route=\/wp\/v2\/pages\/1599\/revisions"}],"predecessor-version":[{"id":1610,"href":"https:\/\/gruposcoutdewony.es\/index.php?rest_route=\/wp\/v2\/pages\/1599\/revisions\/1610"}],"wp:attachment":[{"href":"https:\/\/gruposcoutdewony.es\/index.php?rest_route=%2Fwp%2Fv2%2Fmedia&parent=1599"}],"curies":[{"name":"wp","href":"https:\/\/api.w.org\/{rel}","templated":true}]}}